{"id":4511,"date":"2016-11-23T14:32:20","date_gmt":"2016-11-23T17:32:20","guid":{"rendered":"http:\/\/www.reyle.com.br\/wordpress\/produto\/at-120-lisa-branca\/"},"modified":"2016-11-23T14:32:50","modified_gmt":"2016-11-23T17:32:50","slug":"at-120-lisa-branca","status":"publish","type":"product","link":"https:\/\/reyle.com.br\/wordpress\/produto\/at-120-lisa-branca\/","title":{"rendered":"AT 120 Lisa &#8211; branca"},"content":{"rendered":"","protected":false},"excerpt":{"rendered":"<p>Acabamento superior Liso<br \/>\nConstru\u00e7\u00e3o em Borracha Nitr\u00edlica<br \/>\nDureza de 70 shore A<br \/>\nDe 2 a 5 lonas em poli\u00e9ster<br \/>\n<strong><span style=\"color: #0066cc;\">Resiste at\u00e9 120\u00b0C<\/span><\/strong><\/p>\n","protected":false},"featured_media":4482,"comment_status":"closed","ping_status":"closed","template":"","meta":[],"product_brand":[],"product_cat":[135,132],"product_tag":[],"class_list":{"0":"post-4511","1":"product","2":"type-product","3":"status-publish","4":"has-post-thumbnail","6":"product_cat-alta-temperatura","7":"product_cat-linha-especial","9":"first","10":"instock","11":"shipping-taxable","12":"product-type-simple"},"_links":{"self":[{"href":"https:\/\/reyle.com.br\/wordpress\/wp-json\/wp\/v2\/product\/4511","targetHints":{"allow":["GET"]}}],"collection":[{"href":"https:\/\/reyle.com.br\/wordpress\/wp-json\/wp\/v2\/product"}],"about":[{"href":"https:\/\/reyle.com.br\/wordpress\/wp-json\/wp\/v2\/types\/product"}],"replies":[{"embeddable":true,"href":"https:\/\/reyle.com.br\/wordpress\/wp-json\/wp\/v2\/comments?post=4511"}],"wp:featuredmedia":[{"embeddable":true,"href":"https:\/\/reyle.com.br\/wordpress\/wp-json\/wp\/v2\/media\/4482"}],"wp:attachment":[{"href":"https:\/\/reyle.com.br\/wordpress\/wp-json\/wp\/v2\/media?parent=4511"}],"wp:term":[{"taxonomy":"product_brand","embeddable":true,"href":"https:\/\/reyle.com.br\/wordpress\/wp-json\/wp\/v2\/product_brand?post=4511"},{"taxonomy":"product_cat","embeddable":true,"href":"https:\/\/reyle.com.br\/wordpress\/wp-json\/wp\/v2\/product_cat?post=4511"},{"taxonomy":"product_tag","embeddable":true,"href":"https:\/\/reyle.com.br\/wordpress\/wp-json\/wp\/v2\/product_tag?post=4511"}],"curies":[{"name":"wp","href":"https:\/\/api.w.org\/{rel}","templated":true}]}}