{"id":663,"date":"2013-08-18T15:59:48","date_gmt":"2013-08-18T15:59:48","guid":{"rendered":"http:\/\/localhost:8888\/test\/?page_id=663"},"modified":"2016-08-29T16:52:47","modified_gmt":"2016-08-29T19:52:47","slug":"servicos","status":"publish","type":"page","link":"https:\/\/reyle.com.br\/wordpress\/servicos\/","title":{"rendered":"Servi\u00e7os"},"content":{"rendered":"<p class=\"lead text-center\">Temos o orgulho de possuir o melhor atendimento e suporte em todo o Brasil, igualmente a um custo competitivo e produto de qualidade comprovada.<\/p>\n<p>&nbsp;<\/p>\n<hr \/>\n<div class=\"row\"  id=\"row-482416853\">\r\n\n\t<div id=\"col-872611685\" class=\"col medium-1\/4 large-3\"  >\n\t\t\t\t<div class=\"col-inner\"  >\n\t\t\t\n\t\t\t\r\n\n\t\t<div class=\"icon-box featured-box icon-box-center text-center\"  >\n\t\t\t\t\t<div class=\"icon-box-img\" style=\"width: 60px\">\n\t\t\t\t<div class=\"icon\">\n\t\t\t\t\t<div class=\"icon-inner\" >\n\t\t\t\t\t\t<img decoding=\"async\" src=\"http:\/\/www.reyle.com.br\/wordpress\/wp-content\/uploads\/2013\/08\/visita-tecnica.jpg\" alt=\"VISITA T\u00c9CNICA\"\/>\t\t\t\t\t<\/div>\n\t\t\t\t<\/div>\n\t\t\t<\/div>\n\t\t\t\t<div class=\"icon-box-text last-reset\">\n\t\t\t<h5 class=\"uppercase\">VISITA T\u00c9CNICA<\/h5>\t\t\t\t\t\t\r\n\r\nEnviamos um Vendedor T\u00e9cnico na sua empresa, sem compromisso, para melhor especifica\u00e7\u00e3o de produto e tirar todas as suas d\u00favidas.\r\n\t\t<\/div>\n\t<\/div>\n\t\n\t\r\n\t\t<\/div>\n\t\t\t\t\t<\/div>\n\n\t\r\n\r\n\n\t<div id=\"col-1296429872\" class=\"col medium-1\/4 large-3\"  >\n\t\t\t\t<div class=\"col-inner\"  >\n\t\t\t\n\t\t\t\r\n\n\t\t<div class=\"icon-box featured-box icon-box-center text-center\"  >\n\t\t\t\t\t<div class=\"icon-box-img\" style=\"width: 60px\">\n\t\t\t\t<div class=\"icon\">\n\t\t\t\t\t<div class=\"icon-inner\" >\n\t\t\t\t\t\t<img decoding=\"async\" src=\"http:\/\/www.reyle.com.br\/wordpress\/wp-content\/uploads\/2013\/08\/emenda.jpg\" alt=\"EMENDA NO LOCAL\"\/>\t\t\t\t\t<\/div>\n\t\t\t\t<\/div>\n\t\t\t<\/div>\n\t\t\t\t<div class=\"icon-box-text last-reset\">\n\t\t\t<h5 class=\"uppercase\">EMENDA NO LOCAL<\/h5>\t\t\t\t\t\t\r\n\r\nInstala\u00e7\u00e3o, emenda a quente e ajustes finais das correias, direto no equipamento do cliente, 24 horas por dia.\r\n\r\n\t\t<\/div>\n\t<\/div>\n\t\n\t\r\n\t\t<\/div>\n\t\t\t\t\t<\/div>\n\n\t\r\n\r\n\n\t<div id=\"col-992057205\" class=\"col medium-1\/4 large-3\"  >\n\t\t\t\t<div class=\"col-inner\"  >\n\t\t\t\n\t\t\t\r\n\n\t\t<div class=\"icon-box featured-box icon-box-center text-center\"  >\n\t\t\t\t\t<div class=\"icon-box-img\" style=\"width: 60px\">\n\t\t\t\t<div class=\"icon\">\n\t\t\t\t\t<div class=\"icon-inner\" >\n\t\t\t\t\t\t<img decoding=\"async\" src=\"http:\/\/www.reyle.com.br\/wordpress\/wp-content\/uploads\/2013\/08\/recursos2.jpg\" alt=\"RECURSOS OTIMIZADOS\"\/>\t\t\t\t\t<\/div>\n\t\t\t\t<\/div>\n\t\t\t<\/div>\n\t\t\t\t<div class=\"icon-box-text last-reset\">\n\t\t\t<h5 class=\"uppercase\">RECURSOS OTIMIZADOS<\/h5>\t\t\t\t\t\t\r\n\r\nEstudo personalizado de todas as correias no cliente, com sugest\u00f5es de aumento de durabilidade e redu\u00e7\u00e3o de custos. Solicite um t\u00e9cnico especializado.\r\n\t\t<\/div>\n\t<\/div>\n\t\n\t\r\n\t\t<\/div>\n\t\t\t\t\t<\/div>\n\n\t\r\n\r\n\n\t<div id=\"col-504867496\" class=\"col medium-1\/4 large-3\"  >\n\t\t\t\t<div class=\"col-inner\"  >\n\t\t\t\n\t\t\t\r\n\n\t\t<div class=\"icon-box featured-box icon-box-center text-center\"  >\n\t\t\t\t\t<div class=\"icon-box-img\" style=\"width: 60px\">\n\t\t\t\t<div class=\"icon\">\n\t\t\t\t\t<div class=\"icon-inner\" >\n\t\t\t\t\t\t<img decoding=\"async\" src=\"http:\/\/www.reyle.com.br\/wordpress\/wp-content\/uploads\/2013\/08\/nacionais.jpg\" alt=\"TROQUE POR NACIONAIS\"\/>\t\t\t\t\t<\/div>\n\t\t\t\t<\/div>\n\t\t\t<\/div>\n\t\t\t\t<div class=\"icon-box-text last-reset\">\n\t\t\t<h5 class=\"uppercase\">TROQUE POR NACIONAIS<\/h5>\t\t\t\t\t\t\r\n\r\nDesenvolvimento de novos produtos e nacionaliza\u00e7\u00e3o dos importados, diminuindo a depend\u00eancia externa, estoque e prazos.\r\n\t\t<\/div>\n\t<\/div>\n\t\n\t\r\n\t\t<\/div>\n\t\t\t\t\t<\/div>\n\n\t\r\n\r\n<\/div>\n","protected":false},"excerpt":{"rendered":"\n  <div class=\"banner has-hover\" id=\"banner-1632210803\">\n          <div class=\"banner-inner fill\">\n        <div class=\"banner-bg fill\" >\n            <img decoding=\"async\" src=\"http:\/\/www.reyle.com.br\/wordpress\/wp-content\/uploads\/2013\/08\/banner-servicos1.jpg\" class=\"bg\" alt=\"\" \/>                                    \n                    <\/div>\n\t\t\n        <div class=\"banner-layers container\">\n            <div class=\"fill banner-link\"><\/div>               <div id=\"text-box-1084908562\" class=\"text-box banner-layer x50 md-x50 lg-x50 y50 md-y50 lg-y50 res-text\">\n                     <div data-animate=\"flipInX\">           <div class=\"text-box-content text dark\">\n              \n              <div class=\"text-inner text-center\">\n                  \n<h1>Sempre presente no cliente<\/h1>\n<div class=\"is-divider small\"><\/div>\n              <\/div>\n           <\/div>\n       <\/div>                     \n<style>\n#text-box-1084908562 {\n  width: 60%;\n}\n#text-box-1084908562 .text-box-content {\n  font-size: 100%;\n}\n@media (min-width:550px) {\n  #text-box-1084908562 {\n    width: 60%;\n  }\n}\n<\/style>\n    <\/div>\n         <\/div>\n      <\/div>\n\n            \n<style>\n#banner-1632210803 {\n  padding-top: 300px;\n}\n<\/style>\n  <\/div>\n\n\n","protected":false},"author":1,"featured_media":0,"parent":0,"menu_order":0,"comment_status":"closed","ping_status":"closed","template":"page-blank-container.php","meta":{"footnotes":""},"class_list":["post-663","page","type-page","status-publish","hentry"],"_links":{"self":[{"href":"https:\/\/reyle.com.br\/wordpress\/wp-json\/wp\/v2\/pages\/663","targetHints":{"allow":["GET"]}}],"collection":[{"href":"https:\/\/reyle.com.br\/wordpress\/wp-json\/wp\/v2\/pages"}],"about":[{"href":"https:\/\/reyle.com.br\/wordpress\/wp-json\/wp\/v2\/types\/page"}],"author":[{"embeddable":true,"href":"https:\/\/reyle.com.br\/wordpress\/wp-json\/wp\/v2\/users\/1"}],"replies":[{"embeddable":true,"href":"https:\/\/reyle.com.br\/wordpress\/wp-json\/wp\/v2\/comments?post=663"}],"version-history":[{"count":15,"href":"https:\/\/reyle.com.br\/wordpress\/wp-json\/wp\/v2\/pages\/663\/revisions"}],"predecessor-version":[{"id":3759,"href":"https:\/\/reyle.com.br\/wordpress\/wp-json\/wp\/v2\/pages\/663\/revisions\/3759"}],"wp:attachment":[{"href":"https:\/\/reyle.com.br\/wordpress\/wp-json\/wp\/v2\/media?parent=663"}],"curies":[{"name":"wp","href":"https:\/\/api.w.org\/{rel}","templated":true}]}}