{"id":624,"date":"2013-08-18T12:30:42","date_gmt":"2013-08-18T12:30:42","guid":{"rendered":"http:\/\/localhost:8888\/test\/?page_id=624"},"modified":"2025-04-24T16:26:31","modified_gmt":"2025-04-24T19:26:31","slug":"homepage-3-grid-style","status":"publish","type":"page","link":"https:\/\/reyle.com.br\/wordpress\/","title":{"rendered":"Home"},"content":{"rendered":"  <div class=\"banner-grid-wrapper\">\n  <div id=\"banner-grid-1070245914\" class=\"banner-grid row row-grid row-small\" data-packery-options=\"\">\n                      \r\n\r\n\n\t<div id=\"col-1318796015\" class=\"col medium-6 large-6\"  >\n\t\t\t\t<div class=\"col-inner\"  >\n\t\t\t\n\t\t\t\r\n\n  <div class=\"banner has-hover\" id=\"banner-226037956\">\n          <div class=\"banner-inner fill\">\n        <div class=\"banner-bg fill\" >\n            <img decoding=\"async\" src=\"http:\/\/www.reyle.com.br\/wordpress\/wp-content\/uploads\/2014\/04\/vigor2-cortada.jpg\" class=\"bg\" alt=\"\" \/>                                    \n                    <\/div>\n\t\t\n        <div class=\"banner-layers container\">\n            <a class=\"fill\" href=\"http:\/\/www.reyle.com.br\/wordpress\/4154-2\/\" ><div class=\"fill banner-link\"><\/div><\/a>               <div id=\"text-box-381087086\" class=\"text-box banner-layer x10 md-x10 lg-x10 y10 md-y10 lg-y10 res-text\">\n                     <div data-animate=\"fadeIn\">           <div class=\"text-box-content text dark\">\n              \n              <div class=\"text-inner text-left\">\n                  \r\n\r\n____\r\n<h1 class=\"animated fadeInLeft uppercase drop-shadow\">correias 100% sanit\u00e1rias<\/h1>\r\n<h3 class=\"animated fadeInRight drop-shadow\">Normas FDA e ANVISA.<\/h3>\r\n<a href=\"http:\/\/www.reyle.com.br\/wordpress\/4154-2\/\" class=\"button primary is-primary\"  >\n\t\t<span>saiba mais<\/span>\n\t<\/a>\n\r\n              <\/div>\n           <\/div>\n       <\/div>                     \n<style>\n#text-box-381087086 {\n  width: 60%;\n}\n#text-box-381087086 .text-box-content {\n  font-size: 100%;\n}\n@media (min-width:550px) {\n  #text-box-381087086 {\n    width: 70%;\n  }\n}\n<\/style>\n    <\/div>\n         <\/div>\n      <\/div>\n\n            \n<style>\n#banner-226037956 {\n  padding-top: 600px;\n}\n<\/style>\n  <\/div>\n\n\r\n\t\t<\/div>\n\t\t\t\t\t<\/div>\n\n\t\r\n\r\n\n\t<div id=\"col-1130162503\" class=\"col medium-3 large-3\"  >\n\t\t\t\t<div class=\"col-inner\"  >\n\t\t\t\n\t\t\t\r\n\n  <div class=\"banner has-hover bg-fade\" id=\"banner-1442971448\">\n          <div class=\"banner-inner fill\">\n        <div class=\"banner-bg fill\" >\n            <img decoding=\"async\" src=\"http:\/\/www.reyle.com.br\/wordpress\/wp-content\/uploads\/2014\/04\/luggage_belt_130920_getty.jpg\" class=\"bg\" alt=\"\" \/>                                    \n                    <\/div>\n\t\t\n        <div class=\"banner-layers container\">\n            <a class=\"fill\" href=\"http:\/\/www.reyle.com.br\/wordpress\/seguranca-certificada\/\" ><div class=\"fill banner-link\"><\/div><\/a>               <div id=\"text-box-515914423\" class=\"text-box banner-layer x50 md-x50 lg-x50 y50 md-y50 lg-y50 res-text\">\n                     <div data-animate=\"fadeIn\">           <div class=\"text-box-content text dark\">\n              \n              <div class=\"text-inner text-center\">\n                  \r\n<h2 class=\"alt-font drop-shadow\">Certifica\u00e7\u00e3o ISO 340<\/h2>\r\n<h1 class=\"animated fadeInRight drop-shadow\">Antichama<\/h1>\r\n____\r\n<h2 class=\"alt-font drop-shadow\">Certifica\u00e7\u00e3o ISO 284<\/h2>\r\n<h1 class=\"animated fadeInRight drop-shadow\">Antiest\u00e1tica<\/h1>\r\n              <\/div>\n           <\/div>\n       <\/div>                     \n<style>\n#text-box-515914423 {\n  width: 60%;\n}\n#text-box-515914423 .text-box-content {\n  font-size: 100%;\n}\n@media (min-width:550px) {\n  #text-box-515914423 {\n    width: 60%;\n  }\n}\n<\/style>\n    <\/div>\n         <\/div>\n      <\/div>\n\n            \n<style>\n#banner-1442971448 {\n  padding-top: 600px;\n}\n<\/style>\n  <\/div>\n\n\r\n\t\t<\/div>\n\t\t\t\t\t<\/div>\n\n\t\r\n\r\n\n\t<div id=\"col-118304232\" class=\"col medium-3 large-3\"  >\n\t\t\t\t<div class=\"col-inner\"  >\n\t\t\t\n\t\t\t\r\n\n  <div class=\"banner has-hover bg-fade\" id=\"banner-1875876260\">\n          <div class=\"banner-inner fill\">\n        <div class=\"banner-bg fill\" >\n            <img decoding=\"async\" src=\"http:\/\/www.reyle.com.br\/wordpress\/wp-content\/uploads\/2014\/04\/piperoll3-10.jpg\" class=\"bg\" alt=\"\" \/>                                    \n                    <\/div>\n\t\t\n        <div class=\"banner-layers container\">\n            <a class=\"fill\" href=\"http:\/\/www.reyle.com.br\/wordpress\/correias-para-altas-temperaturas\/\" ><div class=\"fill banner-link\"><\/div><\/a>               <div id=\"text-box-1510660744\" class=\"text-box banner-layer x50 md-x50 lg-x50 y50 md-y50 lg-y50 res-text\">\n                     <div data-animate=\"fadeIn\">           <div class=\"text-box-content text dark\">\n              \n              <div class=\"text-inner text-center\">\n                  \r\n<h1 class=\"animated fadeInLeft drop-shadow\">Correias resistentes a at\u00e9 600\u00b0C<\/h1>\r\n____\r\n              <\/div>\n           <\/div>\n       <\/div>                     \n<style>\n#text-box-1510660744 {\n  width: 60%;\n}\n#text-box-1510660744 .text-box-content {\n  font-size: 100%;\n}\n@media (min-width:550px) {\n  #text-box-1510660744 {\n    width: 60%;\n  }\n}\n<\/style>\n    <\/div>\n         <\/div>\n      <\/div>\n\n            \n<style>\n#banner-1875876260 {\n  padding-top: 292px;\n}\n<\/style>\n  <\/div>\n\n\r\n\t\t<\/div>\n\t\t\t\t\t<\/div>\n\n\t\r\n\r\n\n\t<div id=\"col-1576311807\" class=\"col medium-3 large-3\"  >\n\t\t\t\t<div class=\"col-inner\"  >\n\t\t\t\n\t\t\t\r\n\n  <div class=\"banner has-hover bg-fade\" id=\"banner-1935542786\">\n          <div class=\"banner-inner fill\">\n        <div class=\"banner-bg fill\" >\n            <img decoding=\"async\" src=\"http:\/\/www.reyle.com.br\/wordpress\/wp-content\/uploads\/2014\/04\/TALISCA-300x240.jpg\" class=\"bg\" alt=\"\" \/>                                    \n                    <\/div>\n\t\t\n        <div class=\"banner-layers container\">\n            <a class=\"fill\" href=\"#\" ><div class=\"fill banner-link\"><\/div><\/a>               <div id=\"text-box-946266363\" class=\"text-box banner-layer x50 md-x50 lg-x50 y50 md-y50 lg-y50 res-text\">\n                     <div data-animate=\"fadeIn\">           <div class=\"text-box-content text dark\">\n              \n              <div class=\"text-inner text-center\">\n                  \r\n<h1 class=\"animated fadeInLeft drop-shadow\">Taliscas fundidas em ALTA FREQUENCIA<\/h1>\r\n____\r\n              <\/div>\n           <\/div>\n       <\/div>                     \n<style>\n#text-box-946266363 {\n  width: 60%;\n}\n#text-box-946266363 .text-box-content {\n  font-size: 100%;\n}\n@media (min-width:550px) {\n  #text-box-946266363 {\n    width: 60%;\n  }\n}\n<\/style>\n    <\/div>\n         <\/div>\n      <\/div>\n\n            \n<style>\n#banner-1935542786 {\n  padding-top: 292px;\n}\n<\/style>\n  <\/div>\n\n\r\n\t\t<\/div>\n\t\t\t\t\t<\/div>\n\n\t\r\n\r\n            <\/div>\n    <style>\n    #banner-grid-1070245914 .grid-col-1{height: 600px}\n    #banner-grid-1070245914 .grid-col-1-2{height: 300px}\n    #banner-grid-1070245914 .grid-col-1-3{height:200px}\n    #banner-grid-1070245914 .grid-col-2-3{height: 400px}\n    #banner-grid-1070245914 .grid-col-1-4{height: 150px}\n    #banner-grid-1070245914 .grid-col-3-4{height: 450px}\n\n\n    \n    \n\n  <\/style>\n    <\/div>\n  \n<p>&nbsp;<\/p>\n<p><span style=\"line-height: 1.5em;\"><div class=\"container section-title-container\" ><h3 class=\"section-title section-title-center\"><b><\/b><span class=\"section-title-main\" >O melhor atendimento<\/span><b><\/b><\/h3><\/div><\/span><br \/>\n<div class=\"row\"  id=\"row-266129613\">\r\n\n\t<div id=\"col-701765590\" class=\"col medium-1\/4 large-3\"  >\n\t\t\t\t<div class=\"col-inner\"  >\n\t\t\t\n\t\t\t\r\n\n\t\t<div class=\"icon-box featured-box icon-box-center text-center\"  >\n\t\t\t\t\t<div class=\"icon-box-img\" style=\"width: 60px\">\n\t\t\t\t<div class=\"icon\">\n\t\t\t\t\t<div class=\"icon-inner\" >\n\t\t\t\t\t\t<img decoding=\"async\" src=\"http:\/\/www.reyle.com.br\/wordpress\/wp-content\/uploads\/2013\/08\/visita-tecnica.jpg\" alt=\"VISITA T\u00c9CNICA\"\/>\t\t\t\t\t<\/div>\n\t\t\t\t<\/div>\n\t\t\t<\/div>\n\t\t\t\t<div class=\"icon-box-text last-reset\">\n\t\t\t<h5 class=\"uppercase\">VISITA T\u00c9CNICA<\/h5>\t\t\t\t\t\t\r\n\r\nEnviamos um Vendedor T\u00e9cnico na sua empresa, sem compromisso, para melhor especifica\u00e7\u00e3o de produto e tirar todas as suas d\u00favidas.\r\n\t\t<\/div>\n\t<\/div>\n\t\n\t\r\n\t\t<\/div>\n\t\t\t\t\t<\/div>\n\n\t\r\n\r\n\n\t<div id=\"col-117507710\" class=\"col medium-1\/4 large-3\"  >\n\t\t\t\t<div class=\"col-inner\"  >\n\t\t\t\n\t\t\t\r\n\n\t\t<div class=\"icon-box featured-box icon-box-center text-center\"  >\n\t\t\t\t\t<div class=\"icon-box-img\" style=\"width: 60px\">\n\t\t\t\t<div class=\"icon\">\n\t\t\t\t\t<div class=\"icon-inner\" >\n\t\t\t\t\t\t<img decoding=\"async\" src=\"http:\/\/www.reyle.com.br\/wordpress\/wp-content\/uploads\/2013\/08\/emenda.jpg\" alt=\"EMENDA NO LOCAL\"\/>\t\t\t\t\t<\/div>\n\t\t\t\t<\/div>\n\t\t\t<\/div>\n\t\t\t\t<div class=\"icon-box-text last-reset\">\n\t\t\t<h5 class=\"uppercase\">EMENDA NO LOCAL<\/h5>\t\t\t\t\t\t\r\n\r\nInstala\u00e7\u00e3o, emenda a quente e ajustes finais das correias, direto no equipamento do cliente, 24 horas por dia.\r\n\r\n\t\t<\/div>\n\t<\/div>\n\t\n\t\r\n\t\t<\/div>\n\t\t\t\t\t<\/div>\n\n\t\r\n\r\n\n\t<div id=\"col-688123789\" class=\"col medium-1\/4 large-3\"  >\n\t\t\t\t<div class=\"col-inner\"  >\n\t\t\t\n\t\t\t\r\n\n\t\t<div class=\"icon-box featured-box icon-box-center text-center\"  >\n\t\t\t\t\t<div class=\"icon-box-img\" style=\"width: 60px\">\n\t\t\t\t<div class=\"icon\">\n\t\t\t\t\t<div class=\"icon-inner\" >\n\t\t\t\t\t\t<img decoding=\"async\" src=\"http:\/\/www.reyle.com.br\/wordpress\/wp-content\/uploads\/2013\/08\/recursos2.jpg\" alt=\"RECURSOS OTIMIZADOS\"\/>\t\t\t\t\t<\/div>\n\t\t\t\t<\/div>\n\t\t\t<\/div>\n\t\t\t\t<div class=\"icon-box-text last-reset\">\n\t\t\t<h5 class=\"uppercase\">RECURSOS OTIMIZADOS<\/h5>\t\t\t\t\t\t\r\n\r\nEstudo personalizado de todas as correias no cliente, com sugest\u00f5es de aumento de durabilidade e redu\u00e7\u00e3o de custos. Solicite um t\u00e9cnico especializado.\r\n\t\t<\/div>\n\t<\/div>\n\t\n\t\r\n\t\t<\/div>\n\t\t\t\t\t<\/div>\n\n\t\r\n\r\n\n\t<div id=\"col-167909452\" class=\"col medium-1\/4 large-3\"  >\n\t\t\t\t<div class=\"col-inner\"  >\n\t\t\t\n\t\t\t\r\n\n\t\t<div class=\"icon-box featured-box icon-box-center text-center\"  >\n\t\t\t\t\t<div class=\"icon-box-img\" style=\"width: 60px\">\n\t\t\t\t<div class=\"icon\">\n\t\t\t\t\t<div class=\"icon-inner\" >\n\t\t\t\t\t\t<img decoding=\"async\" src=\"http:\/\/www.reyle.com.br\/wordpress\/wp-content\/uploads\/2013\/08\/nacionais.jpg\" alt=\"TROQUE POR NACIONAIS\"\/>\t\t\t\t\t<\/div>\n\t\t\t\t<\/div>\n\t\t\t<\/div>\n\t\t\t\t<div class=\"icon-box-text last-reset\">\n\t\t\t<h5 class=\"uppercase\">TROQUE POR NACIONAIS<\/h5>\t\t\t\t\t\t\r\n\r\nDesenvolvimento de novos produtos e nacionaliza\u00e7\u00e3o dos importados, diminuindo a depend\u00eancia externa, estoque e prazos.\r\n\t\t<\/div>\n\t<\/div>\n\t\n\t\r\n\t\t<\/div>\n\t\t\t\t\t<\/div>\n\n\t\r\n\r\n<\/div>\n","protected":false},"excerpt":{"rendered":"<p>&nbsp;<\/p>\n","protected":false},"author":1,"featured_media":0,"parent":0,"menu_order":0,"comment_status":"closed","ping_status":"closed","template":"page-blank.php","meta":{"footnotes":""},"class_list":["post-624","page","type-page","status-publish","hentry"],"_links":{"self":[{"href":"https:\/\/reyle.com.br\/wordpress\/wp-json\/wp\/v2\/pages\/624","targetHints":{"allow":["GET"]}}],"collection":[{"href":"https:\/\/reyle.com.br\/wordpress\/wp-json\/wp\/v2\/pages"}],"about":[{"href":"https:\/\/reyle.com.br\/wordpress\/wp-json\/wp\/v2\/types\/page"}],"author":[{"embeddable":true,"href":"https:\/\/reyle.com.br\/wordpress\/wp-json\/wp\/v2\/users\/1"}],"replies":[{"embeddable":true,"href":"https:\/\/reyle.com.br\/wordpress\/wp-json\/wp\/v2\/comments?post=624"}],"version-history":[{"count":28,"href":"https:\/\/reyle.com.br\/wordpress\/wp-json\/wp\/v2\/pages\/624\/revisions"}],"predecessor-version":[{"id":3207,"href":"https:\/\/reyle.com.br\/wordpress\/wp-json\/wp\/v2\/pages\/624\/revisions\/3207"}],"wp:attachment":[{"href":"https:\/\/reyle.com.br\/wordpress\/wp-json\/wp\/v2\/media?parent=624"}],"curies":[{"name":"wp","href":"https:\/\/api.w.org\/{rel}","templated":true}]}}