{"id":3123,"date":"2013-08-11T20:13:42","date_gmt":"2013-08-11T20:13:42","guid":{"rendered":"http:\/\/localhost:8888\/test\/?page_id=545"},"modified":"2025-04-24T16:26:31","modified_gmt":"2025-04-24T19:26:31","slug":"dicas","status":"publish","type":"page","link":"https:\/\/reyle.com.br\/wordpress\/dicas\/","title":{"rendered":"Dicas"},"content":{"rendered":"<p class=\"lead\">Aqui voc\u00ea encontra dicas e as d\u00favidas mais frequentes no uso de correias transportadoras.<\/p>\n<div class=\"accordion\">\r\n\t<div id=\"accordion-2407735887\" class=\"accordion-item\">\n\t\t<a id=\"accordion-2407735887-label\" class=\"accordion-title plain\" href=\"#accordion-item-qual-a-forma-correta-de-estocar-uma-correia?\" aria-expanded=\"false\" aria-controls=\"accordion-2407735887-content\" >\n\t\t\t<button class=\"toggle\" aria-label=\"Toggle\"><i class=\"icon-angle-down\"><\/i><\/button>\n\t\t\t<span>Qual a forma correta de estocar uma correia?<\/span>\n\t\t<\/a>\n\t\t<div id=\"accordion-2407735887-content\" class=\"accordion-inner\" aria-labelledby=\"accordion-2407735887-label\" >\n\t\t\t\r\nA correia deve ser armazenada em local seco, protegido do sol, temperatura e subst\u00e2ncias qu\u00edmicas. De prefer\u00eancia, em prateleira ou apoiada sob pallets. Quando for um rolo grande ou bobina, sempre deve permanecer deitado, nunca em p\u00e9, com cal\u00e7os para evitar acidentes.\r\n\t\t<\/div>\n\t<\/div>\n\t\r\n\t<div id=\"accordion-3259658034\" class=\"accordion-item\">\n\t\t<a id=\"accordion-3259658034-label\" class=\"accordion-title plain\" href=\"#accordion-item-quais-cuidados-preciso-tomar-ao-instalar-uma-correia?\" aria-expanded=\"false\" aria-controls=\"accordion-3259658034-content\" >\n\t\t\t<button class=\"toggle\" aria-label=\"Toggle\"><i class=\"icon-angle-down\"><\/i><\/button>\n\t\t\t<span>Quais cuidados preciso tomar ao instalar uma correia?<\/span>\n\t\t<\/a>\n\t\t<div id=\"accordion-3259658034-content\" class=\"accordion-inner\" aria-labelledby=\"accordion-3259658034-label\" >\n\t\t\t\r\nVerificar que a limpeza e alinhamento do equipamento, roletes, polias e canais estejam em perfeito estado. Quando a emenda for no local, \u00e9 importante retornar o esticador ao m\u00ednimo, deixando recurso necess\u00e1rio para tensionamento. Alinhar a correia no equipamento sem danificar as suas laterais.\r\n\t\t<\/div>\n\t<\/div>\n\t\r\n\t<div id=\"accordion-4128293338\" class=\"accordion-item\">\n\t\t<a id=\"accordion-4128293338-label\" class=\"accordion-title plain\" href=\"#accordion-item-como-proceder-na-limpeza-e-manuten\u00e7\u00e3o-da-correia?-\" aria-expanded=\"false\" aria-controls=\"accordion-4128293338-content\" >\n\t\t\t<button class=\"toggle\" aria-label=\"Toggle\"><i class=\"icon-angle-down\"><\/i><\/button>\n\t\t\t<span>Como proceder na limpeza e manuten\u00e7\u00e3o da correia? <\/span>\n\t\t<\/a>\n\t\t<div id=\"accordion-4128293338-content\" class=\"accordion-inner\" aria-labelledby=\"accordion-4128293338-label\" >\n\t\t\t\r\nLimpar somente com \u00e1gua at\u00e9 60\u00b0C, com ou sem detergente, ou \u00e1lcool. N\u00e3o utilizar nenhum tipo de solvente nem outros produtos qu\u00edmicos. Verificar o alinhamento e a tens\u00e3o da correia semanalmente. Rolos e polias impregnadas, canais entupidos e raspadores desgastados podem diminuir consideravelmente a vida \u00fatil da correia.\r\n\t\t<\/div>\n\t<\/div>\n\t\r\n\t<div id=\"accordion-410058135\" class=\"accordion-item\">\n\t\t<a id=\"accordion-410058135-label\" class=\"accordion-title plain\" href=\"#accordion-item-qual-o-melhor-tipo-de-emenda-vulcanizada-para-minha-correia?\" aria-expanded=\"false\" aria-controls=\"accordion-410058135-content\" >\n\t\t\t<button class=\"toggle\" aria-label=\"Toggle\"><i class=\"icon-angle-down\"><\/i><\/button>\n\t\t\t<span>Qual o melhor tipo de emenda vulcanizada para minha correia?<\/span>\n\t\t<\/a>\n\t\t<div id=\"accordion-410058135-content\" class=\"accordion-inner\" aria-labelledby=\"accordion-410058135-label\" >\n\t\t\t\r\nA emenda em \u201cZ\u201d \u00e9 utilizada nas correias com 1 lona. Tamb\u00e9m \u00e9 sugerida nas correias com 2 lonas que trabalhem em di\u00e2metros muito pequenos de rolos. Para correias com 2 lonas de grandes comprimentos, opta-se pela emenda sobreposta, assim como as correias com 3 ou mais lonas. Verifique todos os tipos de emenda <strong><a href=\"http:\/\/www.reyle.com.br\/wordpress\/wp-content\/uploads\/2015\/09\/Tipos-de-Emenda-Vulcanizada.pdf\" target=\"_blank\">clicando aqui<\/a>.<\/strong>\r\n\t\t<\/div>\n\t<\/div>\n\t\r\n\t<div id=\"accordion-395399726\" class=\"accordion-item\">\n\t\t<a id=\"accordion-395399726-label\" class=\"accordion-title plain\" href=\"#accordion-item-posso-optar-pela-emenda-com-grampo?\" aria-expanded=\"false\" aria-controls=\"accordion-395399726-content\" >\n\t\t\t<button class=\"toggle\" aria-label=\"Toggle\"><i class=\"icon-angle-down\"><\/i><\/button>\n\t\t\t<span>Posso optar pela emenda com grampo?<\/span>\n\t\t<\/a>\n\t\t<div id=\"accordion-395399726-content\" class=\"accordion-inner\" aria-labelledby=\"accordion-395399726-label\" >\n\t\t\t\r\nApesar de oferecer menor durabilidade, \u00e9 de f\u00e1cil instala\u00e7\u00e3o e muito \u00fatil nos casos de emerg\u00eancia. N\u00e3o deve ser utilizada na presen\u00e7a de raspadores, bem como quando o material transportado \u00e9 muito fino, penetrando entre o v\u00e3o do grampo e sujando o equipamento. Verifique todos os tipos de emenda mec\u00e2nica <a href=\"http:\/\/www.reyle.com.br\/wordpress\/wp-content\/uploads\/2015\/09\/Tipos-de-Emenda-Mec%C3%A2nica.pdf\" target=\"_blank\"><strong>clicando aqui<\/strong><\/a>.\r\n\t\t<\/div>\n\t<\/div>\n\t\r\n\t<div id=\"accordion-2543046505\" class=\"accordion-item\">\n\t\t<a id=\"accordion-2543046505-label\" class=\"accordion-title plain\" href=\"#accordion-item-o-que-fazer-se-a-correia-patinar-ou-lacear-excessivamente?-\" aria-expanded=\"false\" aria-controls=\"accordion-2543046505-content\" >\n\t\t\t<button class=\"toggle\" aria-label=\"Toggle\"><i class=\"icon-angle-down\"><\/i><\/button>\n\t\t\t<span>O que fazer se a correia patinar ou lacear excessivamente? <\/span>\n\t\t<\/a>\n\t\t<div id=\"accordion-2543046505-content\" class=\"accordion-inner\" aria-labelledby=\"accordion-2543046505-label\" >\n\t\t\t\r\nO primeiro passo \u00e9 esticar a correia at\u00e9 obter o tensionamento necess\u00e1rio. Se o problema persistir, verificar se a carga de trabalho da correia est\u00e1 de acordo com o carga transportada. Rolos muito pequenos, n\u00e3o revestidos ou com pouco abra\u00e7amento diminuem o atrito e, consequentemente, a tra\u00e7\u00e3o na correia. As correias que deslizam sob chapa devem possuir tecido na parte inferior. Correias com cobertura inferior devem somente trabalhar sob roletes.\t\t<\/div>\n\t<\/div>\n\t\r\n<\/div>\n","protected":false},"excerpt":{"rendered":"<p>Aqui voc\u00ea encontra dicas e as d\u00favidas mais frequentes no uso de correias transportadoras.<\/p>\n","protected":false},"author":1,"featured_media":0,"parent":0,"menu_order":0,"comment_status":"closed","ping_status":"closed","template":"","meta":{"footnotes":""},"class_list":["post-3123","page","type-page","status-publish","hentry"],"_links":{"self":[{"href":"https:\/\/reyle.com.br\/wordpress\/wp-json\/wp\/v2\/pages\/3123","targetHints":{"allow":["GET"]}}],"collection":[{"href":"https:\/\/reyle.com.br\/wordpress\/wp-json\/wp\/v2\/pages"}],"about":[{"href":"https:\/\/reyle.com.br\/wordpress\/wp-json\/wp\/v2\/types\/page"}],"author":[{"embeddable":true,"href":"https:\/\/reyle.com.br\/wordpress\/wp-json\/wp\/v2\/users\/1"}],"replies":[{"embeddable":true,"href":"https:\/\/reyle.com.br\/wordpress\/wp-json\/wp\/v2\/comments?post=3123"}],"version-history":[{"count":2,"href":"https:\/\/reyle.com.br\/wordpress\/wp-json\/wp\/v2\/pages\/3123\/revisions"}],"predecessor-version":[{"id":3186,"href":"https:\/\/reyle.com.br\/wordpress\/wp-json\/wp\/v2\/pages\/3123\/revisions\/3186"}],"wp:attachment":[{"href":"https:\/\/reyle.com.br\/wordpress\/wp-json\/wp\/v2\/media?parent=3123"}],"curies":[{"name":"wp","href":"https:\/\/api.w.org\/{rel}","templated":true}]}}