{"id":3120,"date":"2013-08-11T19:22:53","date_gmt":"2013-08-11T19:22:53","guid":{"rendered":"http:\/\/localhost:8888\/test\/?page_id=532"},"modified":"2025-04-24T16:26:31","modified_gmt":"2025-04-24T19:26:31","slug":"fale-conosco","status":"publish","type":"page","link":"https:\/\/reyle.com.br\/wordpress\/fale-conosco\/","title":{"rendered":"Fale Conosco"},"content":{"rendered":"\n\t<script type=\"text\/javascript\">\n  jQuery( document ).ready(function() {\n    function initialize() {\n        var styles = {\n            'flatsome':  [{\n            \"featureType\": \"administrative\",\n            \"stylers\": [\n              { \"visibility\": \"on\" }\n            ]\n          },\n          {\n            \"featureType\": \"road\",\n            \"stylers\": [\n              { \"visibility\": \"on\" },\n              { \"hue\": \"#58728a\" }\n            ]\n          },\n          {\n            \"stylers\": [\n\t\t\t  { \"visibility\": \"on\" },\n\t\t\t  { \"hue\": \"#58728a\" },\n\t\t\t  { \"saturation\": -30 }\n            ]\n          }\n        ]};\n\n        var myLatlng = new google.maps.LatLng(-23.68592, -46.50971);\n        var myOptions = {\n            zoom: 18,\n            center: myLatlng,\n            mapTypeId: google.maps.MapTypeId.ROADMAP,\n            disableDefaultUI: true,\n            mapTypeId: 'flatsome',\n            draggable: true,\n            zoomControl: false,\n            zoomControlOptions: {\n              position: google.maps.ControlPosition.TOP_LEFT\n            },\n      \t\t\tmapTypeControl: false,\n            mapTypeControlOptions: {\n              position: google.maps.ControlPosition.TOP_LEFT\n            },\n      \t\t\tstreetViewControl: false,\n            streetViewControlOptions: {\n              position: google.maps.ControlPosition.TOP_LEFT\n            },\n            scrollwheel: false,\n            disableDoubleClickZoom: true\n        }\n        var map = new google.maps.Map(document.getElementById(\"map-1546471398-inner\"), myOptions);\n        var styledMapType = new google.maps.StyledMapType(styles['flatsome'], {name: 'flatsome'});\n        map.mapTypes.set('flatsome', styledMapType);\n\n        var marker = new google.maps.Marker({\n            position: myLatlng,\n            map: map,\n            title:\"\"\n        });\n    }\n\n    \/\/ Required to proceed\n    if (!(typeof google === 'object' && typeof google.maps === 'object')) {\n      return\n    }\n\n    initialize()\n    google.maps.event.addDomListener(window, 'resize', initialize);\n    });\n    <\/script>\n\n    <div class=\"google-map relative mb\" id=\"map-1546471398\">\n        <div class=\"map-height\" id=\"map-1546471398-inner\"><\/div>\n        <div id=\"map_overlay_top\"><\/div>\n        <div id=\"map_overlay_bottom\"><\/div>\n                  <div class=\"map_inner map-inner last-reset absolute x95 md-x95 lg-x95 y95 md-y95 lg-y95\">\n              \n<h3>REYLE CORREIAS<br \/>\nSAC: (11) 2149-0900<\/h3>\n<p>Rua Manuel Ribeiro, 23 &#8211; Vila Vit\u00f3ria<br \/>\nSanto Andr\u00e9 &#8211; SP &#8211; Brasil<br \/>\nCEP: 09172-730<br \/>\n<strong><a href=\"mailto:vendas@reyle.com.br\">vendas@reyle.com.br<\/a><\/strong><\/p>\n         <\/div>\n       \n       \n<style>\n#map-1546471398 .map-inner {\n  background-color: #fff;\n  max-width: 30%;\n}\n#map-1546471398 .map-height {\n  height: 400px;\n}\n<\/style>\n    <\/div>\n\n\t\n<div class=\"row\"  id=\"row-1268534389\">\n\n\t<div id=\"col-371418628\" class=\"col medium-1\/2 large-6\"  >\n\t\t\t\t<div class=\"col-inner\"  >\n\t\t\t\n\t\t\t\n<div class=\"container section-title-container\" ><h3 class=\"section-title section-title-normal\"><b><\/b><span class=\"section-title-main\" >D\u00favidas mais frequentes<\/span><b><\/b><\/h3><\/div>\n<div class=\"accordion\">\r\n\t<div id=\"accordion-1003411319\" class=\"accordion-item\">\n\t\t<a id=\"accordion-1003411319-label\" class=\"accordion-title plain\" href=\"#accordion-item-como-\u00e9-feita-a-entrega?\" aria-expanded=\"false\" aria-controls=\"accordion-1003411319-content\" >\n\t\t\t<button class=\"toggle\" aria-label=\"Toggle\"><i class=\"icon-angle-down\"><\/i><\/button>\n\t\t\t<span>Como \u00e9 feita a entrega?<\/span>\n\t\t<\/a>\n\t\t<div id=\"accordion-1003411319-content\" class=\"accordion-inner\" aria-labelledby=\"accordion-1003411319-label\" >\n\t\t\t\r\nTodos os nossos produtos s\u00e3o vendidos na modalidade FOB. Entregamos gratuitamente para S\u00e3o Paulo e Grande ABC. Para outras regi\u00f5es, despachamos atrav\u00e9s da transportadora de prefer\u00eancia do cliente.\r\n\t\t<\/div>\n\t<\/div>\n\t\r\n\t<div id=\"accordion-4118020739\" class=\"accordion-item\">\n\t\t<a id=\"accordion-4118020739-label\" class=\"accordion-title plain\" href=\"#accordion-item-qual-\u00e9-o-prazo-de-entrega?\" aria-expanded=\"false\" aria-controls=\"accordion-4118020739-content\" >\n\t\t\t<button class=\"toggle\" aria-label=\"Toggle\"><i class=\"icon-angle-down\"><\/i><\/button>\n\t\t\t<span>Qual \u00e9 o prazo de entrega?<\/span>\n\t\t<\/a>\n\t\t<div id=\"accordion-4118020739-content\" class=\"accordion-inner\" aria-labelledby=\"accordion-4118020739-label\" >\n\t\t\t\r\nO prazo de entrega padr\u00e3o \u00e9 de 5 a 7 dias corridos para todas as correias de PVC e PU. J\u00e1 para correias especiais, o prazo varia entre 10 e 20 dias, conforme o tipo e tamanho. Consulte nosso departamento de vendas para mais informa\u00e7\u00f5es.\r\n\t\t<\/div>\n\t<\/div>\n\t\r\n\t<div id=\"accordion-2876283312\" class=\"accordion-item\">\n\t\t<a id=\"accordion-2876283312-label\" class=\"accordion-title plain\" href=\"#accordion-item-posso-solicitar-a-instala\u00e7\u00e3o-da-correia-junto-com-a-entrega?\" aria-expanded=\"false\" aria-controls=\"accordion-2876283312-content\" >\n\t\t\t<button class=\"toggle\" aria-label=\"Toggle\"><i class=\"icon-angle-down\"><\/i><\/button>\n\t\t\t<span>Posso solicitar a instala\u00e7\u00e3o da correia junto com a entrega?<\/span>\n\t\t<\/a>\n\t\t<div id=\"accordion-2876283312-content\" class=\"accordion-inner\" aria-labelledby=\"accordion-2876283312-label\" >\n\t\t\t\r\nSim, este servi\u00e7o pode ser contratado com a nossa equipe de vendas no ato da compra ou posteriormente. No estado de S\u00e3o Paulo, podemos levar a correia e os equipamentos necess\u00e1rios para a instala\u00e7\u00e3o de uma s\u00f3 vez. Para outros estados, despachamos o produto via transportadora e encaminhamos a equipe t\u00e9cnica mais pr\u00f3xima da sua regi\u00e3o.\r\n\t\t<\/div>\n\t<\/div>\n\t\r\n\t<div id=\"accordion-3020381508\" class=\"accordion-item\">\n\t\t<a id=\"accordion-3020381508-label\" class=\"accordion-title plain\" href=\"#accordion-item-qual-\u00e9-o-tempo-de-garantia?\" aria-expanded=\"false\" aria-controls=\"accordion-3020381508-content\" >\n\t\t\t<button class=\"toggle\" aria-label=\"Toggle\"><i class=\"icon-angle-down\"><\/i><\/button>\n\t\t\t<span>Qual \u00e9 o tempo de garantia?<\/span>\n\t\t<\/a>\n\t\t<div id=\"accordion-3020381508-content\" class=\"accordion-inner\" aria-labelledby=\"accordion-3020381508-label\" >\n\t\t\t\r\nTodos os nossos produtos possuem garantia de 6 meses contra defeitos de fabrica\u00e7\u00e3o e funcionamento, desde que respeitadas a adequa\u00e7\u00e3o correta do produto \u00e0 sua utiliza\u00e7\u00e3o, condi\u00e7\u00f5es de trabalho, limpeza e manuten\u00e7\u00e3o preventiva.\r\n\t\t<\/div>\n\t<\/div>\n\t\r\n\t<div id=\"accordion-1386248174\" class=\"accordion-item\">\n\t\t<a id=\"accordion-1386248174-label\" class=\"accordion-title plain\" href=\"#accordion-item-como-calcular-o-peso-de-uma-correia?\" aria-expanded=\"false\" aria-controls=\"accordion-1386248174-content\" >\n\t\t\t<button class=\"toggle\" aria-label=\"Toggle\"><i class=\"icon-angle-down\"><\/i><\/button>\n\t\t\t<span>Como calcular o peso de uma correia?<\/span>\n\t\t<\/a>\n\t\t<div id=\"accordion-1386248174-content\" class=\"accordion-inner\" aria-labelledby=\"accordion-1386248174-label\" >\n\t\t\t\r\n\r\nNa p\u00e1gina de cada produto, \u00e9 informado o peso espec\u00edfico em kg\/m2. Basta multiplicar o comprimento pela largura da correia, em metros, para se obter a quantidade de m2. Depois, \u00e9 s\u00f3 multiplicar pelo peso espec\u00edfico para obter o peso final do produto. Exemplo:\r\n\r\nCorreia: RL 2 T2 20 P0 - verde - com 12.500 x 400 mm\r\nPeso espec\u00edfico: 2,3 kg\/m2\r\nPeso da correia: 12,5 x 0,4 x 2,3 = 11,50 kg\r\n\r\n\t\t<\/div>\n\t<\/div>\n\t\r\n\t<div id=\"accordion-294789473\" class=\"accordion-item\">\n\t\t<a id=\"accordion-294789473-label\" class=\"accordion-title plain\" href=\"#accordion-item-quais-informa\u00e7\u00f5es-s\u00e3o-necess\u00e1rias-para-comprar-uma-correia?\" aria-expanded=\"false\" aria-controls=\"accordion-294789473-content\" >\n\t\t\t<button class=\"toggle\" aria-label=\"Toggle\"><i class=\"icon-angle-down\"><\/i><\/button>\n\t\t\t<span>Quais informa\u00e7\u00f5es s\u00e3o necess\u00e1rias para comprar uma correia?<\/span>\n\t\t<\/a>\n\t\t<div id=\"accordion-294789473-content\" class=\"accordion-inner\" aria-labelledby=\"accordion-294789473-label\" >\n\t\t\t\r\nCaso saiba o c\u00f3digo do nosso produto ou de eventual concorrente, basta informar o dimensional da correia (comprimento x largura), se \u00e9 aberta ou j\u00e1 fechada e se possui algum tipo de perfil aplicado, como guia ou talisca. No caso de um novo produto ou um atual com problemas, \u00e9 s\u00f3 baixar e preencher nosso formul\u00e1rio de Especifica\u00e7\u00f5es T\u00e9cnicas, clicando aqui. (link para PDF)\r\n\t\t<\/div>\n\t<\/div>\n\t\r\n<\/div>\n\t\t<\/div>\n\t\t\t\t\t<\/div>\n\n\t\n\n\t<div id=\"col-71654516\" class=\"col medium-1\/2 large-6\"  >\n\t\t\t\t<div class=\"col-inner\"  >\n\t\t\t\n\t\t\t\n<div class=\"container section-title-container\" ><h3 class=\"section-title section-title-normal\"><b><\/b><span class=\"section-title-main\" >Envie a sua mensagem<\/span><b><\/b><\/h3><\/div>\n\n<div class=\"wpcf7 no-js\" id=\"wpcf7-f63-o1\" lang=\"en-US\" dir=\"ltr\" data-wpcf7-id=\"63\">\n<div class=\"screen-reader-response\"><p role=\"status\" aria-live=\"polite\" aria-atomic=\"true\"><\/p> <ul><\/ul><\/div>\n<form action=\"\/wordpress\/wp-json\/wp\/v2\/pages\/3120#wpcf7-f63-o1\" method=\"post\" class=\"wpcf7-form init\" aria-label=\"Contact form\" novalidate=\"novalidate\" data-status=\"init\">\n<fieldset class=\"hidden-fields-container\"><input type=\"hidden\" name=\"_wpcf7\" value=\"63\" \/><input type=\"hidden\" name=\"_wpcf7_version\" value=\"6.1.5\" \/><input type=\"hidden\" name=\"_wpcf7_locale\" value=\"en_US\" \/><input type=\"hidden\" name=\"_wpcf7_unit_tag\" value=\"wpcf7-f63-o1\" \/><input type=\"hidden\" name=\"_wpcf7_container_post\" value=\"0\" \/><input type=\"hidden\" name=\"_wpcf7_posted_data_hash\" value=\"\" \/>\n<\/fieldset>\n<p>Seu nome: <span class=\"wpcf7-form-control-wrap\" data-name=\"your-name\"><input size=\"40\" maxlength=\"400\" class=\"wpcf7-form-control wpcf7-text\" aria-invalid=\"false\" value=\"\" type=\"text\" name=\"your-name\" \/><\/span>\n<\/p>\n<p>Seu e-mail: <span class=\"wpcf7-form-control-wrap\" data-name=\"your-email\"><input size=\"40\" maxlength=\"400\" class=\"wpcf7-form-control wpcf7-email wpcf7-text wpcf7-validates-as-email\" aria-invalid=\"false\" value=\"\" type=\"email\" name=\"your-email\" \/><\/span>\n<\/p>\n<p>Sua mensagem:<br \/>\n<span class=\"wpcf7-form-control-wrap\" data-name=\"your-message\"><textarea cols=\"40\" rows=\"10\" maxlength=\"2000\" class=\"wpcf7-form-control wpcf7-textarea\" aria-invalid=\"false\" name=\"your-message\"><\/textarea><\/span>\n<\/p>\n<p><input class=\"wpcf7-form-control wpcf7-submit has-spinner\" type=\"submit\" value=\"Enviar\" \/>\n<\/p><div class=\"wpcf7-response-output\" aria-hidden=\"true\"><\/div>\n<\/form>\n<\/div>\n\n\t\t<\/div>\n\t\t\t\t\t<\/div>\n\n\t\n<\/div>\n","protected":false},"excerpt":{"rendered":"","protected":false},"author":1,"featured_media":0,"parent":0,"menu_order":0,"comment_status":"closed","ping_status":"closed","template":"page-blank.php","meta":{"footnotes":""},"class_list":["post-3120","page","type-page","status-publish","hentry"],"_links":{"self":[{"href":"https:\/\/reyle.com.br\/wordpress\/wp-json\/wp\/v2\/pages\/3120","targetHints":{"allow":["GET"]}}],"collection":[{"href":"https:\/\/reyle.com.br\/wordpress\/wp-json\/wp\/v2\/pages"}],"about":[{"href":"https:\/\/reyle.com.br\/wordpress\/wp-json\/wp\/v2\/types\/page"}],"author":[{"embeddable":true,"href":"https:\/\/reyle.com.br\/wordpress\/wp-json\/wp\/v2\/users\/1"}],"replies":[{"embeddable":true,"href":"https:\/\/reyle.com.br\/wordpress\/wp-json\/wp\/v2\/comments?post=3120"}],"version-history":[{"count":21,"href":"https:\/\/reyle.com.br\/wordpress\/wp-json\/wp\/v2\/pages\/3120\/revisions"}],"predecessor-version":[{"id":5677,"href":"https:\/\/reyle.com.br\/wordpress\/wp-json\/wp\/v2\/pages\/3120\/revisions\/5677"}],"wp:attachment":[{"href":"https:\/\/reyle.com.br\/wordpress\/wp-json\/wp\/v2\/media?parent=3120"}],"curies":[{"name":"wp","href":"https:\/\/api.w.org\/{rel}","templated":true}]}}